{"id":22,"date":"2020-07-29T22:54:22","date_gmt":"2020-07-29T22:54:22","guid":{"rendered":"https:\/\/thequaintkitchen.com\/?page_id=22"},"modified":"2023-02-12T17:05:33","modified_gmt":"2023-02-12T22:05:33","slug":"about","status":"publish","type":"page","link":"https:\/\/thequaintkitchen.com\/fr\/about\/","title":{"rendered":"\u00c0 propos"},"content":{"rendered":"<h2 class=\"has-black-color has-text-color wp-block-heading\"><mark style=\"background-color:rgba(0, 0, 0, 0)\" class=\"has-inline-color has-very-dark-gray-color\"><span style=\"text-decoration: underline;\">All\u00f4 et bienvenue! <\/span><\/mark><\/h2>\n\n\n\n<div style=\"height:50px\" aria-hidden=\"true\" class=\"wp-block-spacer\"><\/div>\n\n\n\n<p class=\"has-text-color\" style=\"color:#434242;font-size:21px\">Je suis Tatyana! Une p\u00e2tissi\u00e8re et gourmande du Canada. J'adore \u00eatre dans la cuisine depuis le moment o\u00f9 j'ai pu l\u00e9cher la spatule et je l'ai appr\u00e9ci\u00e9 depuis. <\/p>\n\n\n\n<div style=\"height:50px\" aria-hidden=\"true\" class=\"wp-block-spacer\"><\/div>\n\n\n\n<p class=\"has-text-color\" style=\"color:#434242;font-size:21px\">J'ai \u00e9t\u00e9 form\u00e9 en tant que chef p\u00e2tissi\u00e8re traditionnelle, mais depuis que je suis devenue v\u00e9g\u00e9talienne il y a quelques ann\u00e9es, j'ai toujours trouv\u00e9 un moyen d'int\u00e9grer des recettes v\u00e9g\u00e9taliennes dans mes lieux de travail (hehe). J'ai toujours trouv\u00e9 du r\u00e9confort dans la cuisine. En ces temps \u00e9tranges, j'esp\u00e8re partager ce r\u00e9confort \u00e0 travers ces recettes. Que ce soit avec une personne ou avec mille.<\/p>\n\n\n\n<div style=\"height:50px\" aria-hidden=\"true\" class=\"wp-block-spacer\"><\/div>\n\n\n\n<p class=\"has-text-color\" style=\"color:#434242;font-size:21px\">S'il y a un \u00e9v\u00e9nement, une r\u00e9union ou m\u00eame rien du tout, vous pouvez parier que j'apporte des sucreries. Apr\u00e8s de nombreuses demandes de recettes et des \u00e9claircissements sur lesdites recettes, j'ai finalement d\u00e9cid\u00e9 de les compiler sous forme de blog pour, esp\u00e9rons-le, faciliter leur r\u00e9alisation pour tout le monde! Juste un gros livre de recettes en ligne.<\/p>\n\n\n\n<div style=\"height:70px\" aria-hidden=\"true\" class=\"wp-block-spacer\"><\/div>\n\n\n<div class=\"wp-block-image\">\n<figure class=\"alignleft size-full\"><img loading=\"lazy\" decoding=\"async\" width=\"446\" height=\"714\" src=\"https:\/\/thequaintkitchen.com\/wp-content\/uploads\/2023\/02\/About-page-photo-jpeg-5.jpg\" alt=\"\" class=\"wp-image-5634\" srcset=\"https:\/\/thequaintkitchen.com\/wp-content\/uploads\/2023\/02\/About-page-photo-jpeg-5.jpg 446w, https:\/\/thequaintkitchen.com\/wp-content\/uploads\/2023\/02\/About-page-photo-jpeg-5-187x300.jpg 187w, https:\/\/thequaintkitchen.com\/wp-content\/uploads\/2023\/02\/About-page-photo-jpeg-5-7x12.jpg 7w, https:\/\/thequaintkitchen.com\/wp-content\/uploads\/2023\/02\/About-page-photo-jpeg-5-150x240.jpg 150w\" sizes=\"auto, (max-width: 446px) 100vw, 446px\" \/><\/figure>\n<\/div>\n\n\n<h2 class=\"has-text-align-center has-black-color has-text-color wp-block-heading\"><span style=\"text-decoration: underline;\">\u00c0 quoi s\u2019attendre<\/span> <\/h2>\n\n\n\n<p class=\"has-text-color translation-block\" style=\"color:#434242;font-size:21px\"><br>Vous pouvez vous attendre \u00e0 de nombreuses recettes de desserts et, \u00e0 l\u2019occasion, quelques-unes sal\u00e9es. Mon objectif est de v\u00e9ganiser autant de recettes que possible sans perdre en saveur. Parce que la phrase que je d\u00e9teste le plus en tant que p\u00e2tissi\u00e8re est \u00abc'est bon pour du <em>v\u00e9gane<\/em>\u00bb. Soyez donc assur\u00e9 que les recettes sur le blog ont eu l\u2019approbation d\u2019au moins un omnivore (si c\u2019est pas plus) comme \u00e9tant aussi bonnes que leur version pas v\u00e9gane!<\/p>\n\n\n\n<p class=\"has-text-color\" style=\"color:#434242;font-size:21px\"><br>J'esp\u00e8re montrer aux gens qu'\u00eatre plus gentil envers les animaux ne veut pas dire manger que de la salade et de la mousse d'avocat (bien que ces choses soient d\u00e9licieuses). Vous pouvez toujours vous r\u00e9galer! Encore plus qu'avant, je dirais. <br><\/p>\n\n\n\n<p class=\"has-text-color translation-block\" style=\"color:#434242;font-size:21px\"><br><strong><span style=\"text-decoration: underline\">\u00c9crivez-moi!<\/span><\/strong>\u00c7a me ferait tellement plaisir! Que ce soit pour des questions, des suggestions, des commentaires ou juste pour parler, vous pouvez m'envoyer un email \u00e0 tout moment \u00e0 info@thequaintkitchen.com, laisser un commentaire sur le blog ou remplir ce <a href=\"https:\/\/thequaintkitchen.com\/fr\/contact\/\" target=\"_self\">formulaire<\/a>.<\/p>\n\n\n\n<div style=\"height:50px\" aria-hidden=\"true\" class=\"wp-block-spacer\"><\/div>\n\n\n\n<p class=\"has-text-align-center has-black-color has-text-color\" style=\"font-size:28px\"><br><em>Merci infiniment d\u2019\u00eatre pass\u00e9!<\/em><\/p>\n\n\n\n<div style=\"height:20px\" aria-hidden=\"true\" class=\"wp-block-spacer\"><\/div>\n\n\n\n<div class=\"wp-block-buttons is-content-justification-center is-layout-flex wp-container-core-buttons-is-layout-16018d1d wp-block-buttons-is-layout-flex\">\n<div class=\"wp-block-button is-style-fill\"><a class=\"wp-block-button__link has-text-color has-background wp-element-button\" href=\"https:\/\/mailchi.mp\/8b9c50c20640\/the-quaint-kitchen-newsletter\" style=\"border-radius:46px;color:#ffffff;background-color:#deaa42\" target=\"_blank\" rel=\"noreferrer noopener\">S\u2019inscrire \u00e0 l\u2019infolettre<\/a><\/div>\n<\/div>\n\n\n\n<p><\/p>","protected":false},"excerpt":{"rendered":"<p>Hi and welcome! I\u2019m Tatyana! An avid baker and eater from Canada. I\u2019ve loved baking since the moment I could lick the spatula and have enjoyed it ever since. I was trained as a traditional pastry chef, but since turning vegan some years ago, have&nbsp;<a class=\"read-more\" href=\"https:\/\/thequaintkitchen.com\/fr\/about\/\">\u2026En lire plus<\/a><\/p>","protected":false},"author":2,"featured_media":5622,"parent":0,"menu_order":0,"comment_status":"open","ping_status":"closed","template":"template-full.php","meta":{"wprm-recipe-roundup-name":"","wprm-recipe-roundup-description":"","footnotes":""},"class_list":["post-22","page","type-page","status-publish","has-post-thumbnail","hentry"],"yoast_head":"<!-- This site is optimized with the Yoast SEO plugin v27.4 - https:\/\/yoast.com\/product\/yoast-seo-wordpress\/ -->\n<title>About - The Quaint Kitchen<\/title>\n<meta name=\"description\" content=\"Hi! I&#039;m Tatyana, a traditionally trained pastry chef turned vegan. Join me on my quest to veganize all things sweet (and a few savory).\" \/>\n<meta name=\"robots\" content=\"index, follow, max-snippet:-1, max-image-preview:large, max-video-preview:-1\" \/>\n<link rel=\"canonical\" href=\"https:\/\/thequaintkitchen.com\/fr\/about\/\" \/>\n<meta property=\"og:locale\" content=\"fr_CA\" \/>\n<meta property=\"og:type\" content=\"article\" \/>\n<meta property=\"og:title\" content=\"About - The Quaint Kitchen\" \/>\n<meta property=\"og:description\" content=\"Hi! I&#039;m Tatyana, a traditionally trained pastry chef turned vegan. Join me on my quest to veganize all things sweet (and a few savory).\" \/>\n<meta property=\"og:url\" content=\"https:\/\/thequaintkitchen.com\/fr\/about\/\" \/>\n<meta property=\"og:site_name\" content=\"The Quaint Kitchen\" \/>\n<meta property=\"article:modified_time\" content=\"2023-02-12T22:05:33+00:00\" \/>\n<meta property=\"og:image\" content=\"https:\/\/thequaintkitchen.com\/wp-content\/uploads\/2023\/02\/About-page-jpeg.jpg\" \/>\n\t<meta property=\"og:image:width\" content=\"2000\" \/>\n\t<meta property=\"og:image:height\" content=\"1500\" \/>\n\t<meta property=\"og:image:type\" content=\"image\/jpeg\" \/>\n<meta name=\"twitter:card\" content=\"summary_large_image\" \/>\n<meta name=\"twitter:label1\" content=\"Est. reading time\" \/>\n\t<meta name=\"twitter:data1\" content=\"2 minutes\" \/>\n<script type=\"application\/ld+json\" class=\"yoast-schema-graph\">{\"@context\":\"https:\\\/\\\/schema.org\",\"@graph\":[{\"@type\":[\"WebPage\",\"AboutPage\"],\"@id\":\"https:\\\/\\\/thequaintkitchen.com\\\/about\\\/\",\"url\":\"https:\\\/\\\/thequaintkitchen.com\\\/about\\\/\",\"name\":\"About - The Quaint Kitchen\",\"isPartOf\":{\"@id\":\"https:\\\/\\\/thequaintkitchen.com\\\/#website\"},\"primaryImageOfPage\":{\"@id\":\"https:\\\/\\\/thequaintkitchen.com\\\/about\\\/#primaryimage\"},\"image\":{\"@id\":\"https:\\\/\\\/thequaintkitchen.com\\\/about\\\/#primaryimage\"},\"thumbnailUrl\":\"https:\\\/\\\/thequaintkitchen.com\\\/wp-content\\\/uploads\\\/2023\\\/02\\\/About-page-jpeg.jpg\",\"datePublished\":\"2020-07-29T22:54:22+00:00\",\"dateModified\":\"2023-02-12T22:05:33+00:00\",\"description\":\"Hi! I'm Tatyana, a traditionally trained pastry chef turned vegan. Join me on my quest to veganize all things sweet (and a few savory).\",\"breadcrumb\":{\"@id\":\"https:\\\/\\\/thequaintkitchen.com\\\/about\\\/#breadcrumb\"},\"inLanguage\":\"fr-CA\",\"potentialAction\":[{\"@type\":\"ReadAction\",\"target\":[\"https:\\\/\\\/thequaintkitchen.com\\\/about\\\/\"]}]},{\"@type\":\"ImageObject\",\"inLanguage\":\"fr-CA\",\"@id\":\"https:\\\/\\\/thequaintkitchen.com\\\/about\\\/#primaryimage\",\"url\":\"https:\\\/\\\/thequaintkitchen.com\\\/wp-content\\\/uploads\\\/2023\\\/02\\\/About-page-jpeg.jpg\",\"contentUrl\":\"https:\\\/\\\/thequaintkitchen.com\\\/wp-content\\\/uploads\\\/2023\\\/02\\\/About-page-jpeg.jpg\",\"width\":2000,\"height\":1500},{\"@type\":\"BreadcrumbList\",\"@id\":\"https:\\\/\\\/thequaintkitchen.com\\\/about\\\/#breadcrumb\",\"itemListElement\":[{\"@type\":\"ListItem\",\"position\":1,\"name\":\"Home\",\"item\":\"https:\\\/\\\/thequaintkitchen.com\\\/\"},{\"@type\":\"ListItem\",\"position\":2,\"name\":\"About\"}]},{\"@type\":\"WebSite\",\"@id\":\"https:\\\/\\\/thequaintkitchen.com\\\/#website\",\"url\":\"https:\\\/\\\/thequaintkitchen.com\\\/\",\"name\":\"The Quaint Kitchen\",\"description\":\"\",\"publisher\":{\"@id\":\"https:\\\/\\\/thequaintkitchen.com\\\/#\\\/schema\\\/person\\\/6f96d9f1b03bd73e315534a31a1fc193\"},\"potentialAction\":[{\"@type\":\"SearchAction\",\"target\":{\"@type\":\"EntryPoint\",\"urlTemplate\":\"https:\\\/\\\/thequaintkitchen.com\\\/?s={search_term_string}\"},\"query-input\":{\"@type\":\"PropertyValueSpecification\",\"valueRequired\":true,\"valueName\":\"search_term_string\"}}],\"inLanguage\":\"fr-CA\"},{\"@type\":[\"Person\",\"Organization\"],\"@id\":\"https:\\\/\\\/thequaintkitchen.com\\\/#\\\/schema\\\/person\\\/6f96d9f1b03bd73e315534a31a1fc193\",\"name\":\"Tatyana\",\"image\":{\"@type\":\"ImageObject\",\"inLanguage\":\"fr-CA\",\"@id\":\"https:\\\/\\\/thequaintkitchen.com\\\/wp-content\\\/uploads\\\/2020\\\/07\\\/Q.png\",\"url\":\"https:\\\/\\\/thequaintkitchen.com\\\/wp-content\\\/uploads\\\/2020\\\/07\\\/Q.png\",\"contentUrl\":\"https:\\\/\\\/thequaintkitchen.com\\\/wp-content\\\/uploads\\\/2020\\\/07\\\/Q.png\",\"width\":512,\"height\":512,\"caption\":\"Tatyana\"},\"logo\":{\"@id\":\"https:\\\/\\\/thequaintkitchen.com\\\/wp-content\\\/uploads\\\/2020\\\/07\\\/Q.png\"},\"sameAs\":[\"https:\\\/\\\/thequaintkitchen.com\",\"https:\\\/\\\/www.instagram.com\\\/the.quaint.kitchen\\\/\"]}]}<\/script>\n<!-- \/ Yoast SEO plugin. -->","yoast_head_json":{"title":"About - The Quaint Kitchen","description":"Hi! I'm Tatyana, a traditionally trained pastry chef turned vegan. Join me on my quest to veganize all things sweet (and a few savory).","robots":{"index":"index","follow":"follow","max-snippet":"max-snippet:-1","max-image-preview":"max-image-preview:large","max-video-preview":"max-video-preview:-1"},"canonical":"https:\/\/thequaintkitchen.com\/fr\/about\/","og_locale":"fr_CA","og_type":"article","og_title":"About - The Quaint Kitchen","og_description":"Hi! I'm Tatyana, a traditionally trained pastry chef turned vegan. Join me on my quest to veganize all things sweet (and a few savory).","og_url":"https:\/\/thequaintkitchen.com\/fr\/about\/","og_site_name":"The Quaint Kitchen","article_modified_time":"2023-02-12T22:05:33+00:00","og_image":[{"width":2000,"height":1500,"url":"https:\/\/thequaintkitchen.com\/wp-content\/uploads\/2023\/02\/About-page-jpeg.jpg","type":"image\/jpeg"}],"twitter_card":"summary_large_image","twitter_misc":{"Est. reading time":"2 minutes"},"schema":{"@context":"https:\/\/schema.org","@graph":[{"@type":["WebPage","AboutPage"],"@id":"https:\/\/thequaintkitchen.com\/about\/","url":"https:\/\/thequaintkitchen.com\/about\/","name":"About - The Quaint Kitchen","isPartOf":{"@id":"https:\/\/thequaintkitchen.com\/#website"},"primaryImageOfPage":{"@id":"https:\/\/thequaintkitchen.com\/about\/#primaryimage"},"image":{"@id":"https:\/\/thequaintkitchen.com\/about\/#primaryimage"},"thumbnailUrl":"https:\/\/thequaintkitchen.com\/wp-content\/uploads\/2023\/02\/About-page-jpeg.jpg","datePublished":"2020-07-29T22:54:22+00:00","dateModified":"2023-02-12T22:05:33+00:00","description":"Hi! I'm Tatyana, a traditionally trained pastry chef turned vegan. Join me on my quest to veganize all things sweet (and a few savory).","breadcrumb":{"@id":"https:\/\/thequaintkitchen.com\/about\/#breadcrumb"},"inLanguage":"fr-CA","potentialAction":[{"@type":"ReadAction","target":["https:\/\/thequaintkitchen.com\/about\/"]}]},{"@type":"ImageObject","inLanguage":"fr-CA","@id":"https:\/\/thequaintkitchen.com\/about\/#primaryimage","url":"https:\/\/thequaintkitchen.com\/wp-content\/uploads\/2023\/02\/About-page-jpeg.jpg","contentUrl":"https:\/\/thequaintkitchen.com\/wp-content\/uploads\/2023\/02\/About-page-jpeg.jpg","width":2000,"height":1500},{"@type":"BreadcrumbList","@id":"https:\/\/thequaintkitchen.com\/about\/#breadcrumb","itemListElement":[{"@type":"ListItem","position":1,"name":"Home","item":"https:\/\/thequaintkitchen.com\/"},{"@type":"ListItem","position":2,"name":"About"}]},{"@type":"WebSite","@id":"https:\/\/thequaintkitchen.com\/#website","url":"https:\/\/thequaintkitchen.com\/","name":"The Quaint Kitchen","description":"","publisher":{"@id":"https:\/\/thequaintkitchen.com\/#\/schema\/person\/6f96d9f1b03bd73e315534a31a1fc193"},"potentialAction":[{"@type":"SearchAction","target":{"@type":"EntryPoint","urlTemplate":"https:\/\/thequaintkitchen.com\/?s={search_term_string}"},"query-input":{"@type":"PropertyValueSpecification","valueRequired":true,"valueName":"search_term_string"}}],"inLanguage":"fr-CA"},{"@type":["Person","Organization"],"@id":"https:\/\/thequaintkitchen.com\/#\/schema\/person\/6f96d9f1b03bd73e315534a31a1fc193","name":"Tatyana","image":{"@type":"ImageObject","inLanguage":"fr-CA","@id":"https:\/\/thequaintkitchen.com\/wp-content\/uploads\/2020\/07\/Q.png","url":"https:\/\/thequaintkitchen.com\/wp-content\/uploads\/2020\/07\/Q.png","contentUrl":"https:\/\/thequaintkitchen.com\/wp-content\/uploads\/2020\/07\/Q.png","width":512,"height":512,"caption":"Tatyana"},"logo":{"@id":"https:\/\/thequaintkitchen.com\/wp-content\/uploads\/2020\/07\/Q.png"},"sameAs":["https:\/\/thequaintkitchen.com","https:\/\/www.instagram.com\/the.quaint.kitchen\/"]}]}},"_links":{"self":[{"href":"https:\/\/thequaintkitchen.com\/fr\/wp-json\/wp\/v2\/pages\/22","targetHints":{"allow":["GET"]}}],"collection":[{"href":"https:\/\/thequaintkitchen.com\/fr\/wp-json\/wp\/v2\/pages"}],"about":[{"href":"https:\/\/thequaintkitchen.com\/fr\/wp-json\/wp\/v2\/types\/page"}],"author":[{"embeddable":true,"href":"https:\/\/thequaintkitchen.com\/fr\/wp-json\/wp\/v2\/users\/2"}],"replies":[{"embeddable":true,"href":"https:\/\/thequaintkitchen.com\/fr\/wp-json\/wp\/v2\/comments?post=22"}],"version-history":[{"count":5,"href":"https:\/\/thequaintkitchen.com\/fr\/wp-json\/wp\/v2\/pages\/22\/revisions"}],"predecessor-version":[{"id":5635,"href":"https:\/\/thequaintkitchen.com\/fr\/wp-json\/wp\/v2\/pages\/22\/revisions\/5635"}],"wp:featuredmedia":[{"embeddable":true,"href":"https:\/\/thequaintkitchen.com\/fr\/wp-json\/wp\/v2\/media\/5622"}],"wp:attachment":[{"href":"https:\/\/thequaintkitchen.com\/fr\/wp-json\/wp\/v2\/media?parent=22"}],"curies":[{"name":"wp","href":"https:\/\/api.w.org\/{rel}","templated":true}]}}